{"id":147,"date":"2022-02-08T14:01:44","date_gmt":"2022-02-08T14:01:44","guid":{"rendered":"http:\/\/wienstroth.net\/?page_id=147"},"modified":"2022-04-22T14:33:21","modified_gmt":"2022-04-22T14:33:21","slug":"folierung","status":"publish","type":"page","link":"https:\/\/wienstroth.net\/index.php\/folierung\/","title":{"rendered":"Folierung"},"content":{"rendered":"\t\t<div data-elementor-type=\"wp-page\" data-elementor-id=\"147\" class=\"elementor elementor-147\" data-elementor-post-type=\"page\">\n\t\t\t\t\t\t<section class=\"elementor-section elementor-top-section elementor-element elementor-element-943ec63 elementor-section-height-min-height elementor-section-items-stretch resp-banner elementor-section-boxed elementor-section-height-default\" data-id=\"943ec63\" data-element_type=\"section\" data-settings=\"{&quot;background_background&quot;:&quot;classic&quot;,&quot;shape_divider_bottom&quot;:&quot;tilt&quot;,&quot;shape_divider_top&quot;:&quot;tilt&quot;}\">\n\t\t\t\t\t\t\t<div class=\"elementor-background-overlay\"><\/div>\n\t\t\t\t\t\t<div class=\"elementor-shape elementor-shape-top\" aria-hidden=\"true\" data-negative=\"false\">\n\t\t\t<svg xmlns=\"http:\/\/www.w3.org\/2000\/svg\" viewBox=\"0 0 1000 100\" preserveAspectRatio=\"none\">\n\t<path class=\"elementor-shape-fill\" d=\"M0,6V0h1000v100L0,6z\"\/>\n<\/svg>\t\t<\/div>\n\t\t\t\t<div class=\"elementor-shape elementor-shape-bottom\" aria-hidden=\"true\" data-negative=\"false\">\n\t\t\t<svg xmlns=\"http:\/\/www.w3.org\/2000\/svg\" viewBox=\"0 0 1000 100\" preserveAspectRatio=\"none\">\n\t<path class=\"elementor-shape-fill\" d=\"M0,6V0h1000v100L0,6z\"\/>\n<\/svg>\t\t<\/div>\n\t\t\t\t\t<div class=\"elementor-container elementor-column-gap-default\">\n\t\t\t\t\t<div class=\"elementor-column elementor-col-100 elementor-top-column elementor-element elementor-element-29b1f73\" data-id=\"29b1f73\" data-element_type=\"column\">\n\t\t\t<div class=\"elementor-widget-wrap elementor-element-populated\">\n\t\t\t\t\t\t<div class=\"elementor-element elementor-element-232a753 elementor-invisible elementor-widget elementor-widget-heading\" data-id=\"232a753\" data-element_type=\"widget\" data-settings=\"{&quot;_animation&quot;:&quot;zoomIn&quot;}\" data-widget_type=\"heading.default\">\n\t\t\t\t<div class=\"elementor-widget-container\">\n\t\t\t\t\t<h1 class=\"elementor-heading-title elementor-size-default\">Ihr Partner f\u00fcr Werbebeschriftung in Bielefeld und OWL<\/h1>\t\t\t\t<\/div>\n\t\t\t\t<\/div>\n\t\t\t\t\t<\/div>\n\t\t<\/div>\n\t\t\t\t\t<\/div>\n\t\t<\/section>\n\t\t\t\t<section class=\"elementor-section elementor-top-section elementor-element elementor-element-2e0eda1 cust-folierung-sec elementor-section-boxed elementor-section-height-default elementor-section-height-default\" data-id=\"2e0eda1\" data-element_type=\"section\" data-settings=\"{&quot;background_background&quot;:&quot;classic&quot;}\">\n\t\t\t\t\t\t<div class=\"elementor-container elementor-column-gap-default\">\n\t\t\t\t\t<div class=\"elementor-column elementor-col-100 elementor-top-column elementor-element elementor-element-7a34c5c\" data-id=\"7a34c5c\" data-element_type=\"column\">\n\t\t\t<div class=\"elementor-widget-wrap elementor-element-populated\">\n\t\t\t\t\t\t<div class=\"elementor-element elementor-element-97458f8 elementor-widget elementor-widget-image\" data-id=\"97458f8\" data-element_type=\"widget\" data-widget_type=\"image.default\">\n\t\t\t\t<div class=\"elementor-widget-container\">\n\t\t\t\t\t\t\t\t\t\t\t\t\t\t\t<img decoding=\"async\" width=\"185\" height=\"159\" src=\"https:\/\/wienstroth.net\/wp-content\/uploads\/2022\/02\/Gruppe-147.png\" class=\"attachment-large size-large wp-image-73\" alt=\"icon Autofolierung und Fahrzeugaufbereitung\" \/>\t\t\t\t\t\t\t\t\t\t\t\t\t\t\t<\/div>\n\t\t\t\t<\/div>\n\t\t\t\t<div class=\"elementor-element elementor-element-ed6e680 elementor-widget elementor-widget-heading\" data-id=\"ed6e680\" data-element_type=\"widget\" data-widget_type=\"heading.default\">\n\t\t\t\t<div class=\"elementor-widget-container\">\n\t\t\t\t\t<h2 class=\"elementor-heading-title elementor-size-default\">Werbebeschriftung \/ Werbefolierung<\/h2>\t\t\t\t<\/div>\n\t\t\t\t<\/div>\n\t\t\t\t<div class=\"elementor-element elementor-element-a756da6 e-transform elementor-widget elementor-widget-text-editor\" data-id=\"a756da6\" data-element_type=\"widget\" data-settings=\"{&quot;_transform_translateX_effect&quot;:{&quot;unit&quot;:&quot;px&quot;,&quot;size&quot;:&quot;&quot;,&quot;sizes&quot;:[]},&quot;_transform_translateX_effect_tablet&quot;:{&quot;unit&quot;:&quot;px&quot;,&quot;size&quot;:&quot;&quot;,&quot;sizes&quot;:[]},&quot;_transform_translateX_effect_mobile&quot;:{&quot;unit&quot;:&quot;px&quot;,&quot;size&quot;:&quot;&quot;,&quot;sizes&quot;:[]},&quot;_transform_translateY_effect&quot;:{&quot;unit&quot;:&quot;px&quot;,&quot;size&quot;:&quot;&quot;,&quot;sizes&quot;:[]},&quot;_transform_translateY_effect_tablet&quot;:{&quot;unit&quot;:&quot;px&quot;,&quot;size&quot;:&quot;&quot;,&quot;sizes&quot;:[]},&quot;_transform_translateY_effect_mobile&quot;:{&quot;unit&quot;:&quot;px&quot;,&quot;size&quot;:&quot;&quot;,&quot;sizes&quot;:[]}}\" data-widget_type=\"text-editor.default\">\n\t\t\t\t<div class=\"elementor-widget-container\">\n\t\t\t\t\t\t\t\t\t<p>Sie sind auf der Suche nach einem professionellen und erfahrenen Anbieter von Folierungen in Bielefeld? Dann sind Sie bei uns an der richtigen Adresse!<br \/>F\u00fcr Unternehmen ist die Folierung eine ideale M\u00f6glichkeit!\u00a0Zum Beispiel k\u00f6nnen Sie Ihr Auto in eine fahrende Werbes\u00e4ule verwandeln und die sprichw\u00f6rtlich gro\u00dfe Reichweite der Werbung f\u00fcr sich zu nutzen. Der Firmenwagen kommt herum und sorgt so f\u00fcr viel Aufmerksamkeit in der Stadt, selbst, wenn es einmal nicht rollt.\u00a0Bei der Umsetzung k\u00f6nnen Gewerbetreibende ihrer Fantasie freien Lauf lassen: sei es eine vergleichsweise dezente Folierung von Firmennamen und Kontaktm\u00f6glichkeiten, die Integration eines mehrfarbigen Logos oder aber auff\u00e4llige und gro\u00dffl\u00e4chige Designs &#8211; wir setzen Ihre Vorstellungen und W\u00fcnsche mit h\u00f6chster Pr\u00e4zision um und beraten Sie gerne bei der Auswahl der besten Folierung.<\/p><p>Doch nicht nur im gewerblichen Kontext, sondern auch bei privaten Fahrzeugen stehen Autofolierungen hoch im Kurs und ziehen die Blicke im Stra\u00dfenverkehr auf sich. Der Kunde kann entweder das gesamte Auto folieren oder aber nur bestimmte Bereiche durch eine Folienbeschichtung sch\u00fctzen oder in Szene setzen. Wir arbeiten mit den besten Folien-Designern in OWL zusammen.<br \/>Eine Vollfolierung geh\u00f6rt in Meisterh\u00e4nde.<\/p><p>Auch das Scheibenfolieren von Heck- oder Seitenscheiben ist weit verbreitet und bietet neben dem optischen Effekt oft auch einen verbesserten Schutz in den warmen Sommermonaten.<\/p><p>Ob im privaten Bereich oder f\u00fcrs Gewerbe: Bei einer perfekten Werbefolierung kommt es auf gro\u00dfes handwerkliches Geschick, erfahrenes und geschultes Fachpersonal, hochwertige Materialien und die richtigen Rahmenbedingungen an. Schon das kleinste Staubk\u00f6rnchen auf der Oberfl\u00e4che oder eine Unachtsamkeit beim Aufbringen der Folie f\u00fchren zu einem schlechten Ergebnis, \u00fcber das Sie sich lange \u00e4rgern werden. Unsere Experten stehen Ihnen in unserer 120 qm gro\u00dfen Werkstatt mit Rat und Tat zur Seite, damit Sie rundum zufrieden mit Ihrer Autofolierung oder der Aufbereitung des Innen- und Au\u00dfenbereichs sind.<br \/>Unsere jahrelange Expertise und viele erfolgreich umgesetzte Projekte in Bielefeld und OWL sprechen f\u00fcr sich &#8211; lassen Sie sich gerne vor Ort von uns beraten.<\/p>\t\t\t\t\t\t\t\t<\/div>\n\t\t\t\t<\/div>\n\t\t\t\t\t<\/div>\n\t\t<\/div>\n\t\t\t\t\t<\/div>\n\t\t<\/section>\n\t\t\t\t<section class=\"elementor-section elementor-top-section elementor-element elementor-element-6370ca8 cust-icon-sec elementor-section-boxed elementor-section-height-default elementor-section-height-default\" data-id=\"6370ca8\" data-element_type=\"section\" data-settings=\"{&quot;background_background&quot;:&quot;classic&quot;}\">\n\t\t\t\t\t\t<div class=\"elementor-container elementor-column-gap-default\">\n\t\t\t\t\t<div class=\"elementor-column elementor-col-100 elementor-top-column elementor-element elementor-element-3d664c1\" data-id=\"3d664c1\" data-element_type=\"column\" data-settings=\"{&quot;background_background&quot;:&quot;classic&quot;}\">\n\t\t\t<div class=\"elementor-widget-wrap elementor-element-populated\">\n\t\t\t\t\t<div class=\"elementor-background-overlay\"><\/div>\n\t\t\t\t\t\t<section class=\"elementor-section elementor-inner-section elementor-element elementor-element-e07ce4a elementor-section-full_width elementor-section-height-default elementor-section-height-default\" data-id=\"e07ce4a\" data-element_type=\"section\">\n\t\t\t\t\t\t<div class=\"elementor-container elementor-column-gap-default\">\n\t\t\t\t\t<div class=\"elementor-column elementor-col-33 elementor-inner-column elementor-element elementor-element-08913de\" data-id=\"08913de\" data-element_type=\"column\">\n\t\t\t<div class=\"elementor-widget-wrap elementor-element-populated\">\n\t\t\t\t\t\t<div class=\"elementor-element elementor-element-5d0409e elementor-widget elementor-widget-image\" data-id=\"5d0409e\" data-element_type=\"widget\" data-widget_type=\"image.default\">\n\t\t\t\t<div class=\"elementor-widget-container\">\n\t\t\t\t\t\t\t\t\t\t\t\t\t\t\t<img decoding=\"async\" width=\"96\" height=\"96\" src=\"https:\/\/wienstroth.net\/wp-content\/uploads\/2022\/02\/Group-368.png\" class=\"attachment-large size-large wp-image-232\" alt=\"icon\" \/>\t\t\t\t\t\t\t\t\t\t\t\t\t\t\t<\/div>\n\t\t\t\t<\/div>\n\t\t\t\t<div class=\"elementor-element elementor-element-42cd0d7 elementor-widget elementor-widget-heading\" data-id=\"42cd0d7\" data-element_type=\"widget\" data-widget_type=\"heading.default\">\n\t\t\t\t<div class=\"elementor-widget-container\">\n\t\t\t\t\t<h2 class=\"elementor-heading-title elementor-size-default\">QUALIT\u00c4T<\/h2>\t\t\t\t<\/div>\n\t\t\t\t<\/div>\n\t\t\t\t<div class=\"elementor-element elementor-element-c532491 elementor-widget elementor-widget-text-editor\" data-id=\"c532491\" data-element_type=\"widget\" data-widget_type=\"text-editor.default\">\n\t\t\t\t<div class=\"elementor-widget-container\">\n\t\t\t\t\t\t\t\t\t<p>Ob die professionelle Lackveredelung, Reinigung oder das Anbringen von Schriftz\u00fcgen: Wir verstehen unser Handwerk und haben schon viele Projekte f\u00fcr private und gewerbliche Kunden erfolgreich umgesetzt. Denn Qualit\u00e4t setzt sich immer durch und schafft begeisterung: ein perfekt foliertes oder gepflegtes Auto ist der Ma\u00dfstab, den wir an uns und unsere Arbeit stellen.<\/p>\t\t\t\t\t\t\t\t<\/div>\n\t\t\t\t<\/div>\n\t\t\t\t\t<\/div>\n\t\t<\/div>\n\t\t\t\t<div class=\"elementor-column elementor-col-33 elementor-inner-column elementor-element elementor-element-92bb0ae\" data-id=\"92bb0ae\" data-element_type=\"column\">\n\t\t\t<div class=\"elementor-widget-wrap elementor-element-populated\">\n\t\t\t\t\t\t<div class=\"elementor-element elementor-element-4275bfc elementor-widget elementor-widget-image\" data-id=\"4275bfc\" data-element_type=\"widget\" data-widget_type=\"image.default\">\n\t\t\t\t<div class=\"elementor-widget-container\">\n\t\t\t\t\t\t\t\t\t\t\t\t\t\t\t<img decoding=\"async\" width=\"96\" height=\"96\" src=\"https:\/\/wienstroth.net\/wp-content\/uploads\/2022\/02\/Group-369.png\" class=\"attachment-large size-large wp-image-231\" alt=\"icon\" \/>\t\t\t\t\t\t\t\t\t\t\t\t\t\t\t<\/div>\n\t\t\t\t<\/div>\n\t\t\t\t<div class=\"elementor-element elementor-element-3cd299d elementor-widget elementor-widget-heading\" data-id=\"3cd299d\" data-element_type=\"widget\" data-widget_type=\"heading.default\">\n\t\t\t\t<div class=\"elementor-widget-container\">\n\t\t\t\t\t<h2 class=\"elementor-heading-title elementor-size-default\">ZUVERL\u00c4SSIGKEIT\u200b<\/h2>\t\t\t\t<\/div>\n\t\t\t\t<\/div>\n\t\t\t\t<div class=\"elementor-element elementor-element-3fc2248 elementor-widget elementor-widget-text-editor\" data-id=\"3fc2248\" data-element_type=\"widget\" data-widget_type=\"text-editor.default\">\n\t\t\t\t<div class=\"elementor-widget-container\">\n\t\t\t\t\t\t\t\t\t<p>Das Auto hat einen hohen ideellen und materiellen Wert und ist gerade f\u00fcr Gewerbetreibende als Spiegelbild und Visitenkarte von zentraler Bedeutung f\u00fcr den Erfolg. Daher ist es unsere wichtigste Aufgabe, als verl\u00e4sslicher Partner Ihre W\u00fcnsche und Vorstellungen zur vollsten Zufriedenheit umzusetzen. Auf unsere Zuverl\u00e4ssigkeit und Professionalit\u00e4t k\u00f6nnen Sie bauen \u2013 darauf geben wir Ihnen unser Wort.<\/p>\t\t\t\t\t\t\t\t<\/div>\n\t\t\t\t<\/div>\n\t\t\t\t\t<\/div>\n\t\t<\/div>\n\t\t\t\t<div class=\"elementor-column elementor-col-33 elementor-inner-column elementor-element elementor-element-855fc22\" data-id=\"855fc22\" data-element_type=\"column\">\n\t\t\t<div class=\"elementor-widget-wrap elementor-element-populated\">\n\t\t\t\t\t\t<div class=\"elementor-element elementor-element-030f1ed elementor-widget elementor-widget-image\" data-id=\"030f1ed\" data-element_type=\"widget\" data-widget_type=\"image.default\">\n\t\t\t\t<div class=\"elementor-widget-container\">\n\t\t\t\t\t\t\t\t\t\t\t\t\t\t\t<img loading=\"lazy\" decoding=\"async\" width=\"96\" height=\"96\" src=\"https:\/\/wienstroth.net\/wp-content\/uploads\/2022\/02\/Group-370.png\" class=\"attachment-large size-large wp-image-230\" alt=\"icon\" \/>\t\t\t\t\t\t\t\t\t\t\t\t\t\t\t<\/div>\n\t\t\t\t<\/div>\n\t\t\t\t<div class=\"elementor-element elementor-element-51aa13a elementor-widget elementor-widget-heading\" data-id=\"51aa13a\" data-element_type=\"widget\" data-widget_type=\"heading.default\">\n\t\t\t\t<div class=\"elementor-widget-container\">\n\t\t\t\t\t<h2 class=\"elementor-heading-title elementor-size-default\">MARKENWARE<\/h2>\t\t\t\t<\/div>\n\t\t\t\t<\/div>\n\t\t\t\t<div class=\"elementor-element elementor-element-d70eb90 elementor-widget elementor-widget-text-editor\" data-id=\"d70eb90\" data-element_type=\"widget\" data-widget_type=\"text-editor.default\">\n\t\t\t\t<div class=\"elementor-widget-container\">\n\t\t\t\t\t\t\t\t\t<p>Ein Ergebnis, das sich sehen lassen kann, h\u00e4ngt im Bereich der Folierung und Aufbereitung immer von zwei Faktoren ab: einer fachgerechten Durchf\u00fchrung durch professionelles und geschultes Personal sowie der Verwendung erprobter Materialien. Wir verwenden f\u00fcr unsere Arbeiten ausschlie\u00dflich qualitativ hochwertige Markenware, mit der wir in den letzten Jahren die besten Ergebnisse erzielen konnten.<br \/>Denn f\u00fcr Ihr Projekt ist uns nur das beste Material gut genug.<\/p>\t\t\t\t\t\t\t\t<\/div>\n\t\t\t\t<\/div>\n\t\t\t\t\t<\/div>\n\t\t<\/div>\n\t\t\t\t\t<\/div>\n\t\t<\/section>\n\t\t\t\t<div class=\"elementor-element elementor-element-9a9874f elementor-widget elementor-widget-heading\" data-id=\"9a9874f\" data-element_type=\"widget\" data-widget_type=\"heading.default\">\n\t\t\t\t<div class=\"elementor-widget-container\">\n\t\t\t\t\t<h2 class=\"elementor-heading-title elementor-size-default\">IMPRESSIONEN<\/h2>\t\t\t\t<\/div>\n\t\t\t\t<\/div>\n\t\t\t\t\t<\/div>\n\t\t<\/div>\n\t\t\t\t\t<\/div>\n\t\t<\/section>\n\t\t\t\t<section class=\"elementor-section elementor-top-section elementor-element elementor-element-39f2d84 elementor-section-full_width elementor-section-height-default elementor-section-height-default\" data-id=\"39f2d84\" data-element_type=\"section\" data-settings=\"{&quot;background_background&quot;:&quot;classic&quot;}\">\n\t\t\t\t\t\t<div class=\"elementor-container elementor-column-gap-default\">\n\t\t\t\t\t<div class=\"elementor-column elementor-col-100 elementor-top-column elementor-element elementor-element-9003f85\" data-id=\"9003f85\" data-element_type=\"column\" data-settings=\"{&quot;background_background&quot;:&quot;classic&quot;}\">\n\t\t\t<div class=\"elementor-widget-wrap elementor-element-populated\">\n\t\t\t\t\t<div class=\"elementor-background-overlay\"><\/div>\n\t\t\t\t\t\t<div class=\"elementor-element elementor-element-38ac612 elementor-arrows-position-inside elementor-widget elementor-widget-image-carousel\" data-id=\"38ac612\" data-element_type=\"widget\" data-settings=\"{&quot;slides_to_show&quot;:&quot;3&quot;,&quot;navigation&quot;:&quot;arrows&quot;,&quot;image_spacing_custom&quot;:{&quot;unit&quot;:&quot;px&quot;,&quot;size&quot;:15,&quot;sizes&quot;:[]},&quot;autoplay&quot;:&quot;yes&quot;,&quot;pause_on_hover&quot;:&quot;yes&quot;,&quot;pause_on_interaction&quot;:&quot;yes&quot;,&quot;autoplay_speed&quot;:5000,&quot;infinite&quot;:&quot;yes&quot;,&quot;speed&quot;:500,&quot;image_spacing_custom_tablet&quot;:{&quot;unit&quot;:&quot;px&quot;,&quot;size&quot;:&quot;&quot;,&quot;sizes&quot;:[]},&quot;image_spacing_custom_mobile&quot;:{&quot;unit&quot;:&quot;px&quot;,&quot;size&quot;:&quot;&quot;,&quot;sizes&quot;:[]}}\" data-widget_type=\"image-carousel.default\">\n\t\t\t\t<div class=\"elementor-widget-container\">\n\t\t\t\t\t\t\t<div class=\"elementor-image-carousel-wrapper swiper\" role=\"region\" aria-roledescription=\"carousel\" aria-label=\"Bild Karussell\" dir=\"ltr\">\n\t\t\t<div class=\"elementor-image-carousel swiper-wrapper\" aria-live=\"off\">\n\t\t\t\t\t\t\t\t<div class=\"swiper-slide\" role=\"group\" aria-roledescription=\"slide\" aria-label=\"1 von 4\"><a data-elementor-open-lightbox=\"yes\" data-elementor-lightbox-slideshow=\"38ac612\" data-elementor-lightbox-title=\"vertrauen\" data-e-action-hash=\"#elementor-action%3Aaction%3Dlightbox%26settings%3DeyJpZCI6MTMwMywidXJsIjoiaHR0cHM6XC9cL3dpZW5zdHJvdGgubmV0XC93cC1jb250ZW50XC91cGxvYWRzXC8yMDIyXC8wMlwvdmVydHJhdWVuLmpwZyIsInNsaWRlc2hvdyI6IjM4YWM2MTIifQ%3D%3D\" href=\"https:\/\/wienstroth.net\/wp-content\/uploads\/2022\/02\/vertrauen.jpg\"><figure class=\"swiper-slide-inner\"><img decoding=\"async\" class=\"swiper-slide-image\" src=\"https:\/\/wienstroth.net\/wp-content\/uploads\/2022\/02\/vertrauen.jpg\" alt=\"Vertrauen\" \/><\/figure><\/a><\/div><div class=\"swiper-slide\" role=\"group\" aria-roledescription=\"slide\" aria-label=\"2 von 4\"><a data-elementor-open-lightbox=\"yes\" data-elementor-lightbox-slideshow=\"38ac612\" data-elementor-lightbox-title=\"Schnitt\" data-e-action-hash=\"#elementor-action%3Aaction%3Dlightbox%26settings%3DeyJpZCI6MTMwNCwidXJsIjoiaHR0cHM6XC9cL3dpZW5zdHJvdGgubmV0XC93cC1jb250ZW50XC91cGxvYWRzXC8yMDIyXC8wMlwvU2Nobml0dC5qcGciLCJzbGlkZXNob3ciOiIzOGFjNjEyIn0%3D\" href=\"https:\/\/wienstroth.net\/wp-content\/uploads\/2022\/02\/Schnitt.jpg\"><figure class=\"swiper-slide-inner\"><img decoding=\"async\" class=\"swiper-slide-image\" src=\"https:\/\/wienstroth.net\/wp-content\/uploads\/2022\/02\/Schnitt.jpg\" alt=\"Fahrzeug f\u00fcr Autofolierung und Fahrzeugaufbereitung\" \/><\/figure><\/a><\/div><div class=\"swiper-slide\" role=\"group\" aria-roledescription=\"slide\" aria-label=\"3 von 4\"><a data-elementor-open-lightbox=\"yes\" data-elementor-lightbox-slideshow=\"38ac612\" data-elementor-lightbox-title=\"Sauber\" data-e-action-hash=\"#elementor-action%3Aaction%3Dlightbox%26settings%3DeyJpZCI6MTMwNSwidXJsIjoiaHR0cHM6XC9cL3dpZW5zdHJvdGgubmV0XC93cC1jb250ZW50XC91cGxvYWRzXC8yMDIyXC8wMlwvU2F1YmVyLmpwZyIsInNsaWRlc2hvdyI6IjM4YWM2MTIifQ%3D%3D\" href=\"https:\/\/wienstroth.net\/wp-content\/uploads\/2022\/02\/Sauber.jpg\"><figure class=\"swiper-slide-inner\"><img decoding=\"async\" class=\"swiper-slide-image\" src=\"https:\/\/wienstroth.net\/wp-content\/uploads\/2022\/02\/Sauber.jpg\" alt=\"Fahrzeug f\u00fcr Autofolierung und Fahrzeugaufbereitung\" \/><\/figure><\/a><\/div><div class=\"swiper-slide\" role=\"group\" aria-roledescription=\"slide\" aria-label=\"4 von 4\"><a data-elementor-open-lightbox=\"yes\" data-elementor-lightbox-slideshow=\"38ac612\" data-elementor-lightbox-title=\"gran torino\" data-e-action-hash=\"#elementor-action%3Aaction%3Dlightbox%26settings%3DeyJpZCI6MTQ5OSwidXJsIjoiaHR0cHM6XC9cL3dpZW5zdHJvdGgubmV0XC93cC1jb250ZW50XC91cGxvYWRzXC8yMDIyXC8wMlwvZ3Jhbi10b3Jpbm8uanBnIiwic2xpZGVzaG93IjoiMzhhYzYxMiJ9\" href=\"https:\/\/wienstroth.net\/wp-content\/uploads\/2022\/02\/gran-torino.jpg\"><figure class=\"swiper-slide-inner\"><img decoding=\"async\" class=\"swiper-slide-image\" src=\"https:\/\/wienstroth.net\/wp-content\/uploads\/2022\/02\/gran-torino.jpg\" alt=\"Fahrzeug f\u00fcr Autofolierung und Fahrzeugaufbereitung\" \/><\/figure><\/a><\/div>\t\t\t<\/div>\n\t\t\t\t\t\t\t\t\t\t\t\t<div class=\"elementor-swiper-button elementor-swiper-button-prev\" role=\"button\" tabindex=\"0\">\n\t\t\t\t\t\t<i aria-hidden=\"true\" class=\"eicon-chevron-left\"><\/i>\t\t\t\t\t<\/div>\n\t\t\t\t\t<div class=\"elementor-swiper-button elementor-swiper-button-next\" role=\"button\" tabindex=\"0\">\n\t\t\t\t\t\t<i aria-hidden=\"true\" class=\"eicon-chevron-right\"><\/i>\t\t\t\t\t<\/div>\n\t\t\t\t\n\t\t\t\t\t\t\t\t\t<\/div>\n\t\t\t\t\t\t<\/div>\n\t\t\t\t<\/div>\n\t\t\t\t\t<\/div>\n\t\t<\/div>\n\t\t\t\t\t<\/div>\n\t\t<\/section>\n\t\t\t\t<section class=\"elementor-section elementor-top-section elementor-element elementor-element-d4c9227 cust-call-sec elementor-section-boxed elementor-section-height-default elementor-section-height-default\" data-id=\"d4c9227\" data-element_type=\"section\" data-settings=\"{&quot;background_background&quot;:&quot;classic&quot;}\">\n\t\t\t\t\t\t<div class=\"elementor-container elementor-column-gap-default\">\n\t\t\t\t\t<div class=\"elementor-column elementor-col-100 elementor-top-column elementor-element elementor-element-35584d1\" data-id=\"35584d1\" data-element_type=\"column\" data-settings=\"{&quot;background_background&quot;:&quot;classic&quot;}\">\n\t\t\t<div class=\"elementor-widget-wrap elementor-element-populated\">\n\t\t\t\t\t<div class=\"elementor-background-overlay\"><\/div>\n\t\t\t\t\t\t<div class=\"elementor-element elementor-element-51ecab6 elementor-widget elementor-widget-heading\" data-id=\"51ecab6\" data-element_type=\"widget\" data-widget_type=\"heading.default\">\n\t\t\t\t<div class=\"elementor-widget-container\">\n\t\t\t\t\t<h2 class=\"elementor-heading-title elementor-size-default\">SIE ERREICHEN UNS IN BIELEFELD<\/h2>\t\t\t\t<\/div>\n\t\t\t\t<\/div>\n\t\t\t\t<div class=\"elementor-element elementor-element-1905733 elementor-widget elementor-widget-text-editor\" data-id=\"1905733\" data-element_type=\"widget\" data-widget_type=\"text-editor.default\">\n\t\t\t\t<div class=\"elementor-widget-container\">\n\t\t\t\t\t\t\t\t\t<p><a href=\"https:\/\/www.google.de\/maps\/place\/Ludwig-Erhard-Allee+33,+33719+Bielefeld\/\" target=\"_blank\" rel=\"noopener\">Ludwig Erhard Allee 33 | 33719 Bielefeld<\/a><\/p>\t\t\t\t\t\t\t\t<\/div>\n\t\t\t\t<\/div>\n\t\t\t\t<div class=\"elementor-element elementor-element-563e1d2 elementor-widget elementor-widget-image\" data-id=\"563e1d2\" data-element_type=\"widget\" data-widget_type=\"image.default\">\n\t\t\t\t<div class=\"elementor-widget-container\">\n\t\t\t\t\t\t\t\t\t\t\t\t\t\t\t<img loading=\"lazy\" decoding=\"async\" width=\"57\" height=\"57\" src=\"https:\/\/wienstroth.net\/wp-content\/uploads\/2022\/02\/Group-379.png\" class=\"attachment-large size-large wp-image-256\" alt=\"icon\" \/>\t\t\t\t\t\t\t\t\t\t\t\t\t\t\t<\/div>\n\t\t\t\t<\/div>\n\t\t\t\t<div class=\"elementor-element elementor-element-bdd8cd8 elementor-widget elementor-widget-heading\" data-id=\"bdd8cd8\" data-element_type=\"widget\" data-widget_type=\"heading.default\">\n\t\t\t\t<div class=\"elementor-widget-container\">\n\t\t\t\t\t<h2 class=\"elementor-heading-title elementor-size-default\"><a href=\"tel:05%2021-3%2036%2098%2090\">0160 97996444<\/a><\/h2>\t\t\t\t<\/div>\n\t\t\t\t<\/div>\n\t\t\t\t<div class=\"elementor-element elementor-element-8607733 elementor-align-center elementor-widget elementor-widget-button\" data-id=\"8607733\" data-element_type=\"widget\" data-widget_type=\"button.default\">\n\t\t\t\t<div class=\"elementor-widget-container\">\n\t\t\t\t\t\t\t\t\t<div class=\"elementor-button-wrapper\">\n\t\t\t\t\t<a class=\"elementor-button elementor-button-link elementor-size-sm\" href=\"http:\/\/wienstroth.net\/index.php\/kontakt\/\">\n\t\t\t\t\t\t<span class=\"elementor-button-content-wrapper\">\n\t\t\t\t\t\t\t\t\t<span class=\"elementor-button-text\">ZUM KONTAKT<\/span>\n\t\t\t\t\t<\/span>\n\t\t\t\t\t<\/a>\n\t\t\t\t<\/div>\n\t\t\t\t\t\t\t\t<\/div>\n\t\t\t\t<\/div>\n\t\t\t\t\t<\/div>\n\t\t<\/div>\n\t\t\t\t\t<\/div>\n\t\t<\/section>\n\t\t\t\t<\/div>\n\t\t","protected":false},"excerpt":{"rendered":"<p>Ihr Partner f\u00fcr Werbebeschriftung in Bielefeld und OWL Werbebeschriftung \/ Werbefolierung Sie sind auf der Suche nach einem professionellen und erfahrenen Anbieter von Folierungen in Bielefeld? Dann sind Sie bei uns an der richtigen Adresse!F\u00fcr Unternehmen ist die Folierung eine ideale M\u00f6glichkeit!\u00a0Zum Beispiel k\u00f6nnen Sie Ihr Auto in eine fahrende Werbes\u00e4ule verwandeln und die sprichw\u00f6rtlich [&hellip;]<\/p>\n","protected":false},"author":3,"featured_media":0,"parent":0,"menu_order":0,"comment_status":"closed","ping_status":"closed","template":"","meta":{"footnotes":""},"class_list":["post-147","page","type-page","status-publish","hentry"],"_links":{"self":[{"href":"https:\/\/wienstroth.net\/index.php\/wp-json\/wp\/v2\/pages\/147","targetHints":{"allow":["GET"]}}],"collection":[{"href":"https:\/\/wienstroth.net\/index.php\/wp-json\/wp\/v2\/pages"}],"about":[{"href":"https:\/\/wienstroth.net\/index.php\/wp-json\/wp\/v2\/types\/page"}],"author":[{"embeddable":true,"href":"https:\/\/wienstroth.net\/index.php\/wp-json\/wp\/v2\/users\/3"}],"replies":[{"embeddable":true,"href":"https:\/\/wienstroth.net\/index.php\/wp-json\/wp\/v2\/comments?post=147"}],"version-history":[{"count":280,"href":"https:\/\/wienstroth.net\/index.php\/wp-json\/wp\/v2\/pages\/147\/revisions"}],"predecessor-version":[{"id":1607,"href":"https:\/\/wienstroth.net\/index.php\/wp-json\/wp\/v2\/pages\/147\/revisions\/1607"}],"wp:attachment":[{"href":"https:\/\/wienstroth.net\/index.php\/wp-json\/wp\/v2\/media?parent=147"}],"curies":[{"name":"wp","href":"https:\/\/api.w.org\/{rel}","templated":true}]}}