{"id":263,"date":"2022-02-09T13:44:38","date_gmt":"2022-02-09T13:44:38","guid":{"rendered":"http:\/\/wienstroth.net\/?page_id=263"},"modified":"2022-04-22T10:34:56","modified_gmt":"2022-04-22T10:34:56","slug":"aufbereitung","status":"publish","type":"page","link":"https:\/\/wienstroth.net\/index.php\/aufbereitung\/","title":{"rendered":"Aufbereitung"},"content":{"rendered":"\t\t<div data-elementor-type=\"wp-page\" data-elementor-id=\"263\" class=\"elementor elementor-263\" data-elementor-post-type=\"page\">\n\t\t\t\t\t\t<section class=\"elementor-section elementor-top-section elementor-element elementor-element-615479a elementor-section-height-min-height elementor-section-items-stretch resp-banner elementor-section-boxed elementor-section-height-default\" data-id=\"615479a\" data-element_type=\"section\" data-settings=\"{&quot;background_background&quot;:&quot;classic&quot;,&quot;shape_divider_bottom&quot;:&quot;tilt&quot;,&quot;shape_divider_top&quot;:&quot;tilt&quot;}\">\n\t\t\t\t\t\t\t<div class=\"elementor-background-overlay\"><\/div>\n\t\t\t\t\t\t<div class=\"elementor-shape elementor-shape-top\" aria-hidden=\"true\" data-negative=\"false\">\n\t\t\t<svg xmlns=\"http:\/\/www.w3.org\/2000\/svg\" viewBox=\"0 0 1000 100\" preserveAspectRatio=\"none\">\n\t<path class=\"elementor-shape-fill\" d=\"M0,6V0h1000v100L0,6z\"\/>\n<\/svg>\t\t<\/div>\n\t\t\t\t<div class=\"elementor-shape elementor-shape-bottom\" aria-hidden=\"true\" data-negative=\"false\">\n\t\t\t<svg xmlns=\"http:\/\/www.w3.org\/2000\/svg\" viewBox=\"0 0 1000 100\" preserveAspectRatio=\"none\">\n\t<path class=\"elementor-shape-fill\" d=\"M0,6V0h1000v100L0,6z\"\/>\n<\/svg>\t\t<\/div>\n\t\t\t\t\t<div class=\"elementor-container elementor-column-gap-default\">\n\t\t\t\t\t<div class=\"elementor-column elementor-col-100 elementor-top-column elementor-element elementor-element-9c7f931\" data-id=\"9c7f931\" data-element_type=\"column\">\n\t\t\t<div class=\"elementor-widget-wrap elementor-element-populated\">\n\t\t\t\t\t\t<div class=\"elementor-element elementor-element-bff0fc6 elementor-invisible elementor-widget elementor-widget-heading\" data-id=\"bff0fc6\" data-element_type=\"widget\" data-settings=\"{&quot;_animation&quot;:&quot;zoomIn&quot;}\" data-widget_type=\"heading.default\">\n\t\t\t\t<div class=\"elementor-widget-container\">\n\t\t\t\t\t<h1 class=\"elementor-heading-title elementor-size-default\">Premium-Aufbereitung in Bielefeld, Lemgo und OWL<\/h1>\t\t\t\t<\/div>\n\t\t\t\t<\/div>\n\t\t\t\t\t<\/div>\n\t\t<\/div>\n\t\t\t\t\t<\/div>\n\t\t<\/section>\n\t\t\t\t<section class=\"elementor-section elementor-top-section elementor-element elementor-element-4ff9801 cust-folierung-sec elementor-section-boxed elementor-section-height-default elementor-section-height-default\" data-id=\"4ff9801\" data-element_type=\"section\" data-settings=\"{&quot;background_background&quot;:&quot;classic&quot;}\">\n\t\t\t\t\t\t<div class=\"elementor-container elementor-column-gap-default\">\n\t\t\t\t\t<div class=\"elementor-column elementor-col-100 elementor-top-column elementor-element elementor-element-ce29209\" data-id=\"ce29209\" data-element_type=\"column\">\n\t\t\t<div class=\"elementor-widget-wrap elementor-element-populated\">\n\t\t\t\t\t\t<div class=\"elementor-element elementor-element-fd4150f elementor-widget elementor-widget-image\" data-id=\"fd4150f\" data-element_type=\"widget\" data-widget_type=\"image.default\">\n\t\t\t\t<div class=\"elementor-widget-container\">\n\t\t\t\t\t\t\t\t\t\t\t\t\t\t\t<img decoding=\"async\" width=\"186\" height=\"155\" src=\"https:\/\/wienstroth.net\/wp-content\/uploads\/2022\/02\/Gruppe-145.png\" class=\"attachment-large size-large wp-image-74\" alt=\"icon Autofolierung und Fahrzeugaufbereitung\" \/>\t\t\t\t\t\t\t\t\t\t\t\t\t\t\t<\/div>\n\t\t\t\t<\/div>\n\t\t\t\t<div class=\"elementor-element elementor-element-1fddb65 elementor-widget elementor-widget-heading\" data-id=\"1fddb65\" data-element_type=\"widget\" data-widget_type=\"heading.default\">\n\t\t\t\t<div class=\"elementor-widget-container\">\n\t\t\t\t\t<h2 class=\"elementor-heading-title elementor-size-default\">INNEN - UND AU\u00dfENAUFBEREITUNG<\/h2>\t\t\t\t<\/div>\n\t\t\t\t<\/div>\n\t\t\t\t<div class=\"elementor-element elementor-element-472a53e elementor-widget elementor-widget-text-editor\" data-id=\"472a53e\" data-element_type=\"widget\" data-widget_type=\"text-editor.default\">\n\t\t\t\t<div class=\"elementor-widget-container\">\n\t\t\t\t\t\t\t\t\t<p>Wir sind Ihr erster Ansprechpartner f\u00fcr die professionelle und schnelle Aufbereitung im Innen- und Au\u00dfenbereich von Fahrzeugen aller Art. Die Anspr\u00fcche unserer Kunden sind dabei so unterschiedlich wie die Fahrzeuge, die wir pflegen d\u00fcrfen. Zu unseren Kunden geh\u00f6ren gleichwohl Besitzer von PKW jeder Gr\u00f6\u00dfe, Motorr\u00e4dern oder Wohnwagen und -mobilen. Das gepflegte Erscheinungsbild und ein guter Allgemeinzustand eines Fahrzeugs ist keine Frage des Alters \u2013 so vertrauen uns unsere Kunden die Innen- und Au\u00dfenaufbereitung von fabrikneuen Fahrzeugen genauso an wie die von gebrauchten PKW der unterschiedlichsten Baujahre.<\/p><p>Aufgrund der vielen verschiedenen Anforderungen in der Aufbereitung haben wir in den letzten Jahren eine gro\u00dfe Expertise auf diesem Gebiet aufgebaut und unser Angebot kontinuierlich erweitert. Heute k\u00f6nnen wir Ihnen unsere Dienstleistungen in der Innen &#8211; und Au\u00dfenaufbereitung in unseren Werkst\u00e4tten in Bielefeld und Lemgo anbieten.<\/p><p>Unsere geschulten Fachkr\u00e4fte gehen bei der Aufbereitung und <a href=\"http:\/\/wienstroth.net\/index.php\/folierung\/\">Autofolierung<\/a> mit viel Erfahrung und hoher Pr\u00e4zision ans Werk und verfolgen immer das Ziel, Ihre W\u00fcnsche so materialschonend und kosteng\u00fcnstig wie m\u00f6glich umzusetzen. Das Ergebnis wird auch Sie \u00fcberzeugen: viele zufriedene Kunden kommen mit ihren gr\u00f6\u00dferen und kleineren Projekten immer wieder gerne auf uns zur\u00fcck. Der gro\u00dfe Anteil an zum Teil jahrelangen Stammkunden und die hohe Kundenzufriedenheit sind f\u00fcr uns die besten Belege f\u00fcr die \u00fcberzeugende Qualit\u00e4t unserer Dienstleistungen im Bereich der Aufbereitung.<\/p><h2>Au\u00dfenaufbereitung<\/h2><h5>Wir \u00fcbernehmen sowohl kleinere und gezielte Ma\u00dfnahmen als auch umfassende Reparaturen und Veredelungen.<\/h5><p>\u2022 Lackveredelung<br \/>\u2022 Beseitigung von Kratzern und Hologrammen<br \/>\u2022 Smart Repair\u2013 die g\u00fcnstige Lackierung<br \/>\u2022 Versiegelung mit Wachs oder Keramik<br \/>\u2022 Felgenreparatur<br \/>\u2022 Fahrzeug- und Handw\u00e4sche<\/p><h2>Innenaufbereitung<\/h2><h5>Unsere Dienstleistungen in der Innenaufbereitung umfassen die porentiefe Reinigung und Geruchsbeseitigung sowie die Pflege der Armaturen und Polsterungen.<\/h5><p>\u2022 Geruchsbeseitigung (Ozon)<br \/>\u2022 Smart Repair von Sch\u00e4den<br \/>\u2022 Glasversiegelung<br \/>\u2022 Polsterreinigung<\/p>\t\t\t\t\t\t\t\t<\/div>\n\t\t\t\t<\/div>\n\t\t\t\t\t<\/div>\n\t\t<\/div>\n\t\t\t\t\t<\/div>\n\t\t<\/section>\n\t\t\t\t<section class=\"elementor-section elementor-top-section elementor-element elementor-element-45dc2dc cust-icon-sec elementor-section-boxed elementor-section-height-default elementor-section-height-default\" data-id=\"45dc2dc\" data-element_type=\"section\" data-settings=\"{&quot;background_background&quot;:&quot;classic&quot;}\">\n\t\t\t\t\t\t<div class=\"elementor-container elementor-column-gap-default\">\n\t\t\t\t\t<div class=\"elementor-column elementor-col-100 elementor-top-column elementor-element elementor-element-5612444\" data-id=\"5612444\" data-element_type=\"column\" data-settings=\"{&quot;background_background&quot;:&quot;classic&quot;}\">\n\t\t\t<div class=\"elementor-widget-wrap elementor-element-populated\">\n\t\t\t\t\t<div class=\"elementor-background-overlay\"><\/div>\n\t\t\t\t\t\t<section class=\"elementor-section elementor-inner-section elementor-element elementor-element-abb1eb7 elementor-section-full_width elementor-section-height-default elementor-section-height-default\" data-id=\"abb1eb7\" data-element_type=\"section\">\n\t\t\t\t\t\t<div class=\"elementor-container elementor-column-gap-default\">\n\t\t\t\t\t<div class=\"elementor-column elementor-col-33 elementor-inner-column elementor-element elementor-element-e8ccc22\" data-id=\"e8ccc22\" data-element_type=\"column\">\n\t\t\t<div class=\"elementor-widget-wrap elementor-element-populated\">\n\t\t\t\t\t\t<div class=\"elementor-element elementor-element-ab89ffd elementor-widget elementor-widget-image\" data-id=\"ab89ffd\" data-element_type=\"widget\" data-widget_type=\"image.default\">\n\t\t\t\t<div class=\"elementor-widget-container\">\n\t\t\t\t\t\t\t\t\t\t\t\t\t\t\t<img decoding=\"async\" width=\"96\" height=\"96\" src=\"https:\/\/wienstroth.net\/wp-content\/uploads\/2022\/02\/Group-368.png\" class=\"attachment-large size-large wp-image-232\" alt=\"icon\" \/>\t\t\t\t\t\t\t\t\t\t\t\t\t\t\t<\/div>\n\t\t\t\t<\/div>\n\t\t\t\t<div class=\"elementor-element elementor-element-9f995bb elementor-widget elementor-widget-heading\" data-id=\"9f995bb\" data-element_type=\"widget\" data-widget_type=\"heading.default\">\n\t\t\t\t<div class=\"elementor-widget-container\">\n\t\t\t\t\t<h2 class=\"elementor-heading-title elementor-size-default\">QUALIT\u00c4T<\/h2>\t\t\t\t<\/div>\n\t\t\t\t<\/div>\n\t\t\t\t<div class=\"elementor-element elementor-element-33b3f40 elementor-widget elementor-widget-text-editor\" data-id=\"33b3f40\" data-element_type=\"widget\" data-widget_type=\"text-editor.default\">\n\t\t\t\t<div class=\"elementor-widget-container\">\n\t\t\t\t\t\t\t\t\t<p>Ob die professionelle Lackveredelung, Reinigung oder das Anbringen von Schriftz\u00fcgen: Wir verstehen unser Handwerk und haben schon viele Projekte f\u00fcr private und gewerbliche Kunden erfolgreich umgesetzt. Denn Qualit\u00e4t setzt sich immer durch und schafft begeisterung: ein perfekt foliertes oder gepflegtes Auto ist der Ma\u00dfstab, den wir an uns und unsere Arbeit stellen.<\/p>\t\t\t\t\t\t\t\t<\/div>\n\t\t\t\t<\/div>\n\t\t\t\t\t<\/div>\n\t\t<\/div>\n\t\t\t\t<div class=\"elementor-column elementor-col-33 elementor-inner-column elementor-element elementor-element-1789617\" data-id=\"1789617\" data-element_type=\"column\">\n\t\t\t<div class=\"elementor-widget-wrap elementor-element-populated\">\n\t\t\t\t\t\t<div class=\"elementor-element elementor-element-df54a1f elementor-widget elementor-widget-image\" data-id=\"df54a1f\" data-element_type=\"widget\" data-widget_type=\"image.default\">\n\t\t\t\t<div class=\"elementor-widget-container\">\n\t\t\t\t\t\t\t\t\t\t\t\t\t\t\t<img decoding=\"async\" width=\"96\" height=\"96\" src=\"https:\/\/wienstroth.net\/wp-content\/uploads\/2022\/02\/Group-369.png\" class=\"attachment-large size-large wp-image-231\" alt=\"icon\" \/>\t\t\t\t\t\t\t\t\t\t\t\t\t\t\t<\/div>\n\t\t\t\t<\/div>\n\t\t\t\t<div class=\"elementor-element elementor-element-8f53f88 elementor-widget elementor-widget-heading\" data-id=\"8f53f88\" data-element_type=\"widget\" data-widget_type=\"heading.default\">\n\t\t\t\t<div class=\"elementor-widget-container\">\n\t\t\t\t\t<h2 class=\"elementor-heading-title elementor-size-default\">ZUVERL\u00c4SSIGKEIT<\/h2>\t\t\t\t<\/div>\n\t\t\t\t<\/div>\n\t\t\t\t<div class=\"elementor-element elementor-element-214a62e elementor-widget elementor-widget-text-editor\" data-id=\"214a62e\" data-element_type=\"widget\" data-widget_type=\"text-editor.default\">\n\t\t\t\t<div class=\"elementor-widget-container\">\n\t\t\t\t\t\t\t\t\t<p>Das Auto hat einen hohen ideellen und materiellen Wert und ist gerade f\u00fcr Gewerbetreibende als Spiegelbild und Visitenkarte von zentraler Bedeutung f\u00fcr den Erfolg. Daher ist es unsere wichtigste Aufgabe, als verl\u00e4sslicher Partner Ihre W\u00fcnsche und Vorstellungen zur vollsten Zufriedenheit umzusetzen. Auf unsere Zuverl\u00e4ssigkeit und Professionalit\u00e4t k\u00f6nnen Sie bauen \u2013 darauf geben wir Ihnen unser Wort.<\/p>\t\t\t\t\t\t\t\t<\/div>\n\t\t\t\t<\/div>\n\t\t\t\t\t<\/div>\n\t\t<\/div>\n\t\t\t\t<div class=\"elementor-column elementor-col-33 elementor-inner-column elementor-element elementor-element-e4a4549\" data-id=\"e4a4549\" data-element_type=\"column\">\n\t\t\t<div class=\"elementor-widget-wrap elementor-element-populated\">\n\t\t\t\t\t\t<div class=\"elementor-element elementor-element-cfbcfa1 elementor-widget elementor-widget-image\" data-id=\"cfbcfa1\" data-element_type=\"widget\" data-widget_type=\"image.default\">\n\t\t\t\t<div class=\"elementor-widget-container\">\n\t\t\t\t\t\t\t\t\t\t\t\t\t\t\t<img loading=\"lazy\" decoding=\"async\" width=\"96\" height=\"96\" src=\"https:\/\/wienstroth.net\/wp-content\/uploads\/2022\/02\/Group-370.png\" class=\"attachment-large size-large wp-image-230\" alt=\"icon\" \/>\t\t\t\t\t\t\t\t\t\t\t\t\t\t\t<\/div>\n\t\t\t\t<\/div>\n\t\t\t\t<div class=\"elementor-element elementor-element-707a1cb elementor-widget elementor-widget-heading\" data-id=\"707a1cb\" data-element_type=\"widget\" data-widget_type=\"heading.default\">\n\t\t\t\t<div class=\"elementor-widget-container\">\n\t\t\t\t\t<h2 class=\"elementor-heading-title elementor-size-default\">MARKENWARE<\/h2>\t\t\t\t<\/div>\n\t\t\t\t<\/div>\n\t\t\t\t<div class=\"elementor-element elementor-element-ec8be4a elementor-widget elementor-widget-text-editor\" data-id=\"ec8be4a\" data-element_type=\"widget\" data-widget_type=\"text-editor.default\">\n\t\t\t\t<div class=\"elementor-widget-container\">\n\t\t\t\t\t\t\t\t\t<p>Ein Ergebnis, das sich sehen lassen kann, h\u00e4ngt im Bereich der Folierung und Aufbereitung immer von zwei Faktoren ab: einer fachgerechten Durchf\u00fchrung durch professionelles und geschultes Personal sowie der Verwendung erprobter Materialien. Wir verwenden f\u00fcr unsere Arbeiten ausschlie\u00dflich qualitativ hochwertige Markenware, mit der wir in den letzten Jahren die besten Ergebnisse erzielen konnten.<br \/>Denn f\u00fcr Ihr Projekt ist uns nur das beste Material gut genug.<\/p>\t\t\t\t\t\t\t\t<\/div>\n\t\t\t\t<\/div>\n\t\t\t\t\t<\/div>\n\t\t<\/div>\n\t\t\t\t\t<\/div>\n\t\t<\/section>\n\t\t\t\t\t<\/div>\n\t\t<\/div>\n\t\t\t\t\t<\/div>\n\t\t<\/section>\n\t\t\t\t<section class=\"elementor-section elementor-top-section elementor-element elementor-element-b5bcb03 cust-call-sec elementor-section-full_width elementor-section-height-default elementor-section-height-default\" data-id=\"b5bcb03\" data-element_type=\"section\" data-settings=\"{&quot;background_background&quot;:&quot;classic&quot;}\">\n\t\t\t\t\t\t<div class=\"elementor-container elementor-column-gap-default\">\n\t\t\t\t\t<div class=\"elementor-column elementor-col-100 elementor-top-column elementor-element elementor-element-432b706\" data-id=\"432b706\" data-element_type=\"column\" data-settings=\"{&quot;background_background&quot;:&quot;classic&quot;}\">\n\t\t\t<div class=\"elementor-widget-wrap elementor-element-populated\">\n\t\t\t\t\t<div class=\"elementor-background-overlay\"><\/div>\n\t\t\t\t\t\t<div class=\"elementor-element elementor-element-b207245 elementor-widget elementor-widget-heading\" data-id=\"b207245\" data-element_type=\"widget\" data-widget_type=\"heading.default\">\n\t\t\t\t<div class=\"elementor-widget-container\">\n\t\t\t\t\t<h2 class=\"elementor-heading-title elementor-size-default\">IMPRESSIONEN<\/h2>\t\t\t\t<\/div>\n\t\t\t\t<\/div>\n\t\t\t\t<div class=\"elementor-element elementor-element-4893e31 elementor-arrows-position-inside elementor-widget elementor-widget-image-carousel\" data-id=\"4893e31\" data-element_type=\"widget\" data-settings=\"{&quot;slides_to_show&quot;:&quot;3&quot;,&quot;navigation&quot;:&quot;arrows&quot;,&quot;image_spacing_custom&quot;:{&quot;unit&quot;:&quot;px&quot;,&quot;size&quot;:15,&quot;sizes&quot;:[]},&quot;autoplay&quot;:&quot;yes&quot;,&quot;pause_on_hover&quot;:&quot;yes&quot;,&quot;pause_on_interaction&quot;:&quot;yes&quot;,&quot;autoplay_speed&quot;:5000,&quot;infinite&quot;:&quot;yes&quot;,&quot;speed&quot;:500,&quot;image_spacing_custom_tablet&quot;:{&quot;unit&quot;:&quot;px&quot;,&quot;size&quot;:&quot;&quot;,&quot;sizes&quot;:[]},&quot;image_spacing_custom_mobile&quot;:{&quot;unit&quot;:&quot;px&quot;,&quot;size&quot;:&quot;&quot;,&quot;sizes&quot;:[]}}\" data-widget_type=\"image-carousel.default\">\n\t\t\t\t<div class=\"elementor-widget-container\">\n\t\t\t\t\t\t\t<div class=\"elementor-image-carousel-wrapper swiper\" role=\"region\" aria-roledescription=\"carousel\" aria-label=\"Bild Karussell\" dir=\"ltr\">\n\t\t\t<div class=\"elementor-image-carousel swiper-wrapper\" aria-live=\"off\">\n\t\t\t\t\t\t\t\t<div class=\"swiper-slide\" role=\"group\" aria-roledescription=\"slide\" aria-label=\"1 von 6\"><a data-elementor-open-lightbox=\"yes\" data-elementor-lightbox-slideshow=\"4893e31\" data-elementor-lightbox-title=\"A man cleaning car with cloth, car detailing (or valeting) conce\" data-e-action-hash=\"#elementor-action%3Aaction%3Dlightbox%26settings%3DeyJpZCI6MTMxOSwidXJsIjoiaHR0cHM6XC9cL3dpZW5zdHJvdGgubmV0XC93cC1jb250ZW50XC91cGxvYWRzXC8yMDIyXC8wMlwvQWRvYmVTdG9ja18yNjc0NjU4NjdfLTEtc2NhbGVkLmpwZyIsInNsaWRlc2hvdyI6IjQ4OTNlMzEifQ%3D%3D\" href=\"https:\/\/wienstroth.net\/wp-content\/uploads\/2022\/02\/AdobeStock_267465867_-1-scaled.jpg\"><figure class=\"swiper-slide-inner\"><img decoding=\"async\" class=\"swiper-slide-image\" src=\"https:\/\/wienstroth.net\/wp-content\/uploads\/2022\/02\/AdobeStock_267465867_-1-scaled.jpg\" alt=\"Fahrzeug f\u00fcr Autofolierung und Fahrzeugaufbereitung\" \/><\/figure><\/a><\/div><div class=\"swiper-slide\" role=\"group\" aria-roledescription=\"slide\" aria-label=\"2 von 6\"><a data-elementor-open-lightbox=\"yes\" data-elementor-lightbox-slideshow=\"4893e31\" data-elementor-lightbox-title=\"Car wash with soap.\" data-e-action-hash=\"#elementor-action%3Aaction%3Dlightbox%26settings%3DeyJpZCI6MTMxMiwidXJsIjoiaHR0cHM6XC9cL3dpZW5zdHJvdGgubmV0XC93cC1jb250ZW50XC91cGxvYWRzXC8yMDIyXC8wMlwvU2NoYXVtMi0xLmpwZyIsInNsaWRlc2hvdyI6IjQ4OTNlMzEifQ%3D%3D\" href=\"https:\/\/wienstroth.net\/wp-content\/uploads\/2022\/02\/Schaum2-1.jpg\"><figure class=\"swiper-slide-inner\"><img decoding=\"async\" class=\"swiper-slide-image\" src=\"https:\/\/wienstroth.net\/wp-content\/uploads\/2022\/02\/Schaum2-1.jpg\" alt=\"Fahrzeug f\u00fcr Autofolierung und Fahrzeugaufbereitung\" \/><\/figure><\/a><\/div><div class=\"swiper-slide\" role=\"group\" aria-roledescription=\"slide\" aria-label=\"3 von 6\"><a data-elementor-open-lightbox=\"yes\" data-elementor-lightbox-slideshow=\"4893e31\" data-elementor-lightbox-title=\"versiegelung 1 (1)\" data-e-action-hash=\"#elementor-action%3Aaction%3Dlightbox%26settings%3DeyJpZCI6MTMxMCwidXJsIjoiaHR0cHM6XC9cL3dpZW5zdHJvdGgubmV0XC93cC1jb250ZW50XC91cGxvYWRzXC8yMDIyXC8wMlwvdmVyc2llZ2VsdW5nLTEtMS5qcGciLCJzbGlkZXNob3ciOiI0ODkzZTMxIn0%3D\" href=\"https:\/\/wienstroth.net\/wp-content\/uploads\/2022\/02\/versiegelung-1-1.jpg\"><figure class=\"swiper-slide-inner\"><img decoding=\"async\" class=\"swiper-slide-image\" src=\"https:\/\/wienstroth.net\/wp-content\/uploads\/2022\/02\/versiegelung-1-1.jpg\" alt=\"Fahrzeug f\u00fcr Autofolierung und Fahrzeugaufbereitung\" \/><\/figure><\/a><\/div><div class=\"swiper-slide\" role=\"group\" aria-roledescription=\"slide\" aria-label=\"4 von 6\"><a data-elementor-open-lightbox=\"yes\" data-elementor-lightbox-slideshow=\"4893e31\" data-elementor-lightbox-title=\"vertrauen (1)\" data-e-action-hash=\"#elementor-action%3Aaction%3Dlightbox%26settings%3DeyJpZCI6MTMwOSwidXJsIjoiaHR0cHM6XC9cL3dpZW5zdHJvdGgubmV0XC93cC1jb250ZW50XC91cGxvYWRzXC8yMDIyXC8wMlwvdmVydHJhdWVuLTEuanBnIiwic2xpZGVzaG93IjoiNDg5M2UzMSJ9\" href=\"https:\/\/wienstroth.net\/wp-content\/uploads\/2022\/02\/vertrauen-1.jpg\"><figure class=\"swiper-slide-inner\"><img decoding=\"async\" class=\"swiper-slide-image\" src=\"https:\/\/wienstroth.net\/wp-content\/uploads\/2022\/02\/vertrauen-1.jpg\" alt=\"Vertrauen\" \/><\/figure><\/a><\/div><div class=\"swiper-slide\" role=\"group\" aria-roledescription=\"slide\" aria-label=\"5 von 6\"><a data-elementor-open-lightbox=\"yes\" data-elementor-lightbox-slideshow=\"4893e31\" data-elementor-lightbox-title=\"schaum (1)\" data-e-action-hash=\"#elementor-action%3Aaction%3Dlightbox%26settings%3DeyJpZCI6MTMyMywidXJsIjoiaHR0cHM6XC9cL3dpZW5zdHJvdGgubmV0XC93cC1jb250ZW50XC91cGxvYWRzXC8yMDIyXC8wMlwvc2NoYXVtLTEtMS5qcGciLCJzbGlkZXNob3ciOiI0ODkzZTMxIn0%3D\" href=\"https:\/\/wienstroth.net\/wp-content\/uploads\/2022\/02\/schaum-1-1.jpg\"><figure class=\"swiper-slide-inner\"><img decoding=\"async\" class=\"swiper-slide-image\" src=\"https:\/\/wienstroth.net\/wp-content\/uploads\/2022\/02\/schaum-1-1.jpg\" alt=\"Fahrzeug f\u00fcr Autofolierung und Fahrzeugaufbereitung\" \/><\/figure><\/a><\/div><div class=\"swiper-slide\" role=\"group\" aria-roledescription=\"slide\" aria-label=\"6 von 6\"><a data-elementor-open-lightbox=\"yes\" data-elementor-lightbox-slideshow=\"4893e31\" data-elementor-lightbox-title=\"versiegelung 1 (1)\" data-e-action-hash=\"#elementor-action%3Aaction%3Dlightbox%26settings%3DeyJpZCI6MTMyNCwidXJsIjoiaHR0cHM6XC9cL3dpZW5zdHJvdGgubmV0XC93cC1jb250ZW50XC91cGxvYWRzXC8yMDIyXC8wMlwvdmVyc2llZ2VsdW5nLTEtMS0xLmpwZyIsInNsaWRlc2hvdyI6IjQ4OTNlMzEifQ%3D%3D\" href=\"https:\/\/wienstroth.net\/wp-content\/uploads\/2022\/02\/versiegelung-1-1-1.jpg\"><figure class=\"swiper-slide-inner\"><img decoding=\"async\" class=\"swiper-slide-image\" src=\"https:\/\/wienstroth.net\/wp-content\/uploads\/2022\/02\/versiegelung-1-1-1.jpg\" alt=\"Fahrzeug f\u00fcr Autofolierung und Fahrzeugaufbereitung\" \/><\/figure><\/a><\/div>\t\t\t<\/div>\n\t\t\t\t\t\t\t\t\t\t\t\t<div class=\"elementor-swiper-button elementor-swiper-button-prev\" role=\"button\" tabindex=\"0\">\n\t\t\t\t\t\t<i aria-hidden=\"true\" class=\"eicon-chevron-left\"><\/i>\t\t\t\t\t<\/div>\n\t\t\t\t\t<div class=\"elementor-swiper-button elementor-swiper-button-next\" role=\"button\" tabindex=\"0\">\n\t\t\t\t\t\t<i aria-hidden=\"true\" class=\"eicon-chevron-right\"><\/i>\t\t\t\t\t<\/div>\n\t\t\t\t\n\t\t\t\t\t\t\t\t\t<\/div>\n\t\t\t\t\t\t<\/div>\n\t\t\t\t<\/div>\n\t\t\t\t<div class=\"elementor-element elementor-element-f2303e0 elementor-widget elementor-widget-heading\" data-id=\"f2303e0\" data-element_type=\"widget\" data-widget_type=\"heading.default\">\n\t\t\t\t<div class=\"elementor-widget-container\">\n\t\t\t\t\t<h2 class=\"elementor-heading-title elementor-size-default\">SIE ERREICHEN UNS IN BIELEFELD UND LEMGO<\/h2>\t\t\t\t<\/div>\n\t\t\t\t<\/div>\n\t\t\t\t<div class=\"elementor-element elementor-element-465849e elementor-widget elementor-widget-text-editor\" data-id=\"465849e\" data-element_type=\"widget\" data-widget_type=\"text-editor.default\">\n\t\t\t\t<div class=\"elementor-widget-container\">\n\t\t\t\t\t\t\t\t\t<p><a href=\"https:\/\/www.google.de\/maps\/place\/Ludwig-Erhard-Allee+33,+33719+Bielefeld\/\" target=\"_blank\" rel=\"noopener\">Ludwig Erhard Allee 33 | 33719 Bielefeld<\/a><\/p><p><a href=\"https:\/\/www.google.de\/maps\/place\/Im+Hengstfeld+6,+32657+Lemgo\/@52.0389391,8.8226782,17z\/data=!4m13!1m7!3m6!1s0x47ba6a0577c9c471:0x955d675037325120!2sIm+Hengstfeld+6,+32657+Lemgo!3b1!8m2!3d52.0389358!4d8.8248669!3m4!1s0x47ba6a0577c9c471:0x955d675037325120!8m2!3d52.0389358!4d8.8248669\" target=\"_blank\" rel=\"noopener\">Im Hengsfeld 6 | <\/a><a href=\"https:\/\/www.google.de\/maps\/place\/Im+Hengstfeld+6,+32657+Lemgo\/@52.0389391,8.8226782,17z\/data=!4m13!1m7!3m6!1s0x47ba6a0577c9c471:0x955d675037325120!2sIm+Hengstfeld+6,+32657+Lemgo!3b1!8m2!3d52.0389358!4d8.8248669!3m4!1s0x47ba6a0577c9c471:0x955d675037325120!8m2!3d52.0389358!4d8.8248669\" target=\"_blank\" rel=\"noopener\">32657 Lemgo<\/a><\/p>\t\t\t\t\t\t\t\t<\/div>\n\t\t\t\t<\/div>\n\t\t\t\t<div class=\"elementor-element elementor-element-9d544e5 elementor-widget elementor-widget-image\" data-id=\"9d544e5\" data-element_type=\"widget\" data-widget_type=\"image.default\">\n\t\t\t\t<div class=\"elementor-widget-container\">\n\t\t\t\t\t\t\t\t\t\t\t\t\t\t\t<img loading=\"lazy\" decoding=\"async\" width=\"57\" height=\"57\" src=\"https:\/\/wienstroth.net\/wp-content\/uploads\/2022\/02\/Group-379.png\" class=\"attachment-large size-large wp-image-256\" alt=\"icon\" \/>\t\t\t\t\t\t\t\t\t\t\t\t\t\t\t<\/div>\n\t\t\t\t<\/div>\n\t\t\t\t<div class=\"elementor-element elementor-element-d1ea581 elementor-widget elementor-widget-heading\" data-id=\"d1ea581\" data-element_type=\"widget\" data-widget_type=\"heading.default\">\n\t\t\t\t<div class=\"elementor-widget-container\">\n\t\t\t\t\t<h2 class=\"elementor-heading-title elementor-size-default\"><a href=\"tel:016097996444\">0160 97996444<\/a><\/h2>\t\t\t\t<\/div>\n\t\t\t\t<\/div>\n\t\t\t\t<div class=\"elementor-element elementor-element-8d7c618 elementor-align-center elementor-widget elementor-widget-button\" data-id=\"8d7c618\" data-element_type=\"widget\" data-widget_type=\"button.default\">\n\t\t\t\t<div class=\"elementor-widget-container\">\n\t\t\t\t\t\t\t\t\t<div class=\"elementor-button-wrapper\">\n\t\t\t\t\t<a class=\"elementor-button elementor-button-link elementor-size-sm\" href=\"http:\/\/wienstroth.net\/index.php\/kontakt\/\" ko=\"\">\n\t\t\t\t\t\t<span class=\"elementor-button-content-wrapper\">\n\t\t\t\t\t\t\t\t\t<span class=\"elementor-button-text\">ZUM KONTAKT<\/span>\n\t\t\t\t\t<\/span>\n\t\t\t\t\t<\/a>\n\t\t\t\t<\/div>\n\t\t\t\t\t\t\t\t<\/div>\n\t\t\t\t<\/div>\n\t\t\t\t\t<\/div>\n\t\t<\/div>\n\t\t\t\t\t<\/div>\n\t\t<\/section>\n\t\t\t\t<\/div>\n\t\t","protected":false},"excerpt":{"rendered":"<p>Premium-Aufbereitung in Bielefeld, Lemgo und OWL INNEN &#8211; UND AU\u00dfENAUFBEREITUNG Wir sind Ihr erster Ansprechpartner f\u00fcr die professionelle und schnelle Aufbereitung im Innen- und Au\u00dfenbereich von Fahrzeugen aller Art. Die Anspr\u00fcche unserer Kunden sind dabei so unterschiedlich wie die Fahrzeuge, die wir pflegen d\u00fcrfen. Zu unseren Kunden geh\u00f6ren gleichwohl Besitzer von PKW jeder Gr\u00f6\u00dfe, Motorr\u00e4dern [&hellip;]<\/p>\n","protected":false},"author":3,"featured_media":0,"parent":0,"menu_order":0,"comment_status":"closed","ping_status":"closed","template":"","meta":{"footnotes":""},"class_list":["post-263","page","type-page","status-publish","hentry"],"_links":{"self":[{"href":"https:\/\/wienstroth.net\/index.php\/wp-json\/wp\/v2\/pages\/263","targetHints":{"allow":["GET"]}}],"collection":[{"href":"https:\/\/wienstroth.net\/index.php\/wp-json\/wp\/v2\/pages"}],"about":[{"href":"https:\/\/wienstroth.net\/index.php\/wp-json\/wp\/v2\/types\/page"}],"author":[{"embeddable":true,"href":"https:\/\/wienstroth.net\/index.php\/wp-json\/wp\/v2\/users\/3"}],"replies":[{"embeddable":true,"href":"https:\/\/wienstroth.net\/index.php\/wp-json\/wp\/v2\/comments?post=263"}],"version-history":[{"count":206,"href":"https:\/\/wienstroth.net\/index.php\/wp-json\/wp\/v2\/pages\/263\/revisions"}],"predecessor-version":[{"id":1577,"href":"https:\/\/wienstroth.net\/index.php\/wp-json\/wp\/v2\/pages\/263\/revisions\/1577"}],"wp:attachment":[{"href":"https:\/\/wienstroth.net\/index.php\/wp-json\/wp\/v2\/media?parent=263"}],"curies":[{"name":"wp","href":"https:\/\/api.w.org\/{rel}","templated":true}]}}